{"id":28,"date":"2017-08-10T18:34:10","date_gmt":"2017-08-10T16:34:10","guid":{"rendered":"http:\/\/idea-i-do.be\/?page_id=28"},"modified":"2026-01-21T17:35:18","modified_gmt":"2026-01-21T16:35:18","slug":"accueil","status":"publish","type":"page","link":"https:\/\/idea-i-do.be\/","title":{"rendered":""},"content":{"rendered":"\n<h1 class=\"wp-block-heading has-text-align-left has-medium-font-size\"><strong><mark style=\"background-color:rgba(0, 0, 0, 0);color:#2d828f\" class=\"has-inline-color\">IID est un studio de conseil, de conception et de production de supports visuels.<\/mark><\/strong><\/h1>\n\n\n\n<p><em>O\u00f9 que vous soyez en ce moment pr\u00e9cis, posez quelques instants le regard sur ce qui vous entoure&#8230;<br>Nous sommes sans cesse entour\u00e9s d&rsquo;images. Qu&rsquo;il s&rsquo;agisse de publicit\u00e9, d&rsquo;images g\u00e9n\u00e9r\u00e9es, de d\u00e9coration, de cr\u00e9ations artistiques, d&rsquo;objets personnalis\u00e9s&#8230; Nous baignons dans univers visuel o\u00f9 tout semble \u00ab\u00a0estampill\u00e9\u00a0\u00bb.<\/em><\/p>\n\n\n\n<p><em>Ce n&rsquo;est bien s\u00fbr pas sans raison puisque l&rsquo;on connait l&rsquo;impact des images sur nous, tel un discours puissant, un mot fort qui vient nous convaincre, un po\u00e8me qui nous emporte ailleurs,&#8230; Et les images restent le langage le plus universel!<\/em><\/p>\n\n\n\n<p><em>A une \u00e9poque o\u00f9, une image peut \u00eatre g\u00e9n\u00e9r\u00e9e par tout un chacun, elle peut s\u00e9duire, ou semer le doute,&#8230; L&rsquo;image n&rsquo;est plus v\u00e9rit\u00e9, elle perd de son impact, de sa cr\u00e9dibilit\u00e9. Cr\u00e9er une image \u00e7a ne suffit plus.<\/em><\/p>\n\n\n\n<p><em>Mais le discours de cette image, sa raison d&rsquo;\u00eatre, \u00e0 qui elle s&rsquo;adresse, son chemin le plus direct, son lien culturel, &#8230; C&rsquo;est l\u00e0 tout l&rsquo;Art d&rsquo;INVENTER une image.<\/em><\/p>\n\n\n\n<blockquote class=\"wp-block-quote is-layout-flow wp-block-quote-is-layout-flow\">\n<p><em><strong><mark style=\"background-color:rgba(0, 0, 0, 0);color:#2d828f\" class=\"has-inline-color\">Des visuels pens\u00e9s, choisis, incarn\u00e9s.<\/mark><br><mark style=\"background-color:rgba(0, 0, 0, 0)\" class=\"has-inline-color has-black-color\">&gt; Ceux qui peuvent convaincre, d\u00e9finir des valeurs, emporter ailleurs.<\/mark><\/strong><\/em><\/p>\n\n\n\n<p style=\"font-size:16px\"><em>Il est certain que de bons outils, de l&rsquo;inspiration et de bonnes id\u00e9es, \u00e7a aide! \ud83d\ude09<br>Mais&#8230; Le regard aiguis\u00e9 au fil des ans, c&rsquo;est aujourd&rsquo;hui l&rsquo;ultime ingr\u00e9dient pour ma\u00eetriser cet univers visuel dans lequel nous sommes tous entr\u00e9s.<\/em><\/p>\n\n\n\n<h3 class=\"wp-block-heading\"><strong><mark style=\"background-color:rgba(0, 0, 0, 0);color:#2d828f\" class=\"has-inline-color\">Idea I do<\/mark> apporte un regard et veille \u00e0 une coh\u00e9rence et une exigence dans la conception et la production de vos supports visuels.<\/strong><\/h3>\n<\/blockquote>\n\n\n\n<div class=\"wp-block-buttons is-content-justification-center is-layout-flex wp-container-core-buttons-is-layout-16018d1d wp-block-buttons-is-layout-flex\">\n<div class=\"wp-block-button\"><a class=\"wp-block-button__link wp-element-button\" href=\"mailto:info@idea-i-do.be\">Demande d&rsquo;informations<\/a><\/div>\n<\/div>\n","protected":false},"excerpt":{"rendered":"<p>IID est un studio de conseil, de conception et de production de supports visuels. O\u00f9 que vous soyez en ce moment pr\u00e9cis, posez quelques instants le regard sur ce qui vous entoure&#8230;Nous sommes sans cesse entour\u00e9s d&rsquo;images. Qu&rsquo;il s&rsquo;agisse de publicit\u00e9, d&rsquo;images g\u00e9n\u00e9r\u00e9es, de d\u00e9coration, de cr\u00e9ations artistiques, d&rsquo;objets personnalis\u00e9s&#8230; Nous baignons dans univers visuel &hellip; <\/p>\n<p class=\"link-more\"><a href=\"https:\/\/idea-i-do.be\/\" class=\"more-link\">Continuer la lecture<span class=\"screen-reader-text\"> de &laquo;&nbsp;&nbsp;&raquo;<\/span><\/a><\/p>\n","protected":false},"author":1,"featured_media":0,"parent":0,"menu_order":0,"comment_status":"closed","ping_status":"closed","template":"","meta":{"_monsterinsights_skip_tracking":false,"_monsterinsights_sitenote_active":false,"_monsterinsights_sitenote_note":"","_monsterinsights_sitenote_category":0,"footnotes":""},"class_list":["post-28","page","type-page","status-publish","hentry"],"jetpack_sharing_enabled":true,"jetpack_shortlink":"https:\/\/wp.me\/P9OY7q-s","jetpack-related-posts":[{"id":219,"url":"https:\/\/idea-i-do.be\/index.php\/accueil-2\/","url_meta":{"origin":28,"position":0},"title":"","author":"Melanie Splaingaire","date":"11 janvier 2018","format":false,"excerpt":"IID est un studio de conseil, de conception et de production de supports visuels, \u00e0 destination des entrepreneurs et PME. O\u00f9 que vous soyez en ce moment pr\u00e9cis, posez quelques instants le regard sur ce qui vous entoure...Nous sommes sans cesse entour\u00e9s d'images. Qu'il s'agisse de publicit\u00e9, d'images g\u00e9n\u00e9r\u00e9es, de\u2026","rel":"","context":"Article similaire","block_context":{"text":"Article similaire","link":""},"img":{"alt_text":"","src":"","width":0,"height":0},"classes":[]},{"id":9064,"url":"https:\/\/idea-i-do.be\/index.php\/services\/","url_meta":{"origin":28,"position":1},"title":"","author":"Melanie Splaingaire","date":"21 janvier 2026","format":false,"excerpt":"De grandes id\u00e9es parfaitement r\u00e9alis\u00e9es! Lancer ou d\u00e9velopper son entreprise, c\u2019est se confronter \u00e0 un monde visuel complexe. Chez IID, nous accompagnons entrepreneur\u00b7e\u00b7s et PME \u00e0 chaque \u00e9tape\u202f: de la d\u00e9finition de votre identit\u00e9 et du choix de votre nom \u00e0 la conception et production de vos supports. Vous pouvez\u2026","rel":"","context":"Article similaire","block_context":{"text":"Article similaire","link":""},"img":{"alt_text":"","src":"","width":0,"height":0},"classes":[]},{"id":9056,"url":"https:\/\/idea-i-do.be\/index.php\/a-propos\/","url_meta":{"origin":28,"position":2},"title":"","author":"Melanie Splaingaire","date":"21 janvier 2026","format":false,"excerpt":"Idea I do apporte un regard et veille \u00e0 une coh\u00e9rence et une exigence dans la conception et la production de vos supports visuels. IDEA:c\u2019est \u00a0l\u2019aspect cr\u00e9atif, strat\u00e9gique, l\u2019apport d\u2019une id\u00e9e, d\u2019un concept \u00e0 traduire en image(s) ou bien l\u2019adaptation graphique qui r\u00e9pond au mieux \u00e0 votre envie de d\u00e9part.\u2026","rel":"","context":"Article similaire","block_context":{"text":"Article similaire","link":""},"img":{"alt_text":"","src":"https:\/\/i0.wp.com\/idea-i-do.be\/wp-content\/uploads\/2018\/04\/majordome.jpg?fit=1200%2C789&ssl=1&resize=350%2C200","width":350,"height":200,"srcset":"https:\/\/i0.wp.com\/idea-i-do.be\/wp-content\/uploads\/2018\/04\/majordome.jpg?fit=1200%2C789&ssl=1&resize=350%2C200 1x, https:\/\/i0.wp.com\/idea-i-do.be\/wp-content\/uploads\/2018\/04\/majordome.jpg?fit=1200%2C789&ssl=1&resize=525%2C300 1.5x, https:\/\/i0.wp.com\/idea-i-do.be\/wp-content\/uploads\/2018\/04\/majordome.jpg?fit=1200%2C789&ssl=1&resize=700%2C400 2x, https:\/\/i0.wp.com\/idea-i-do.be\/wp-content\/uploads\/2018\/04\/majordome.jpg?fit=1200%2C789&ssl=1&resize=1050%2C600 3x"},"classes":[]},{"id":149,"url":"https:\/\/idea-i-do.be\/index.php\/service-aux-independants\/","url_meta":{"origin":28,"position":3},"title":"Service aux entrepreneurs","author":"Melanie Splaingaire","date":"31 ao\u00fbt 2017","format":false,"excerpt":"Vous vous installez et avez besoin d\u2019un logo pro et efficace? Vous souhaitez relooker votre image? Vous \u00eates bient\u00f4t \u00e0 court de cartes de visite? Vous aimeriez un panneau ou tout autre support mettant davantage en avant votre activit\u00e9? Un flyer pour annoncer votre prochain \u00e9v\u00e8nement ou plut\u00f4t une invitation\u2026","rel":"","context":"Article similaire","block_context":{"text":"Article similaire","link":""},"img":{"alt_text":"","src":"","width":0,"height":0},"classes":[]},{"id":151,"url":"https:\/\/idea-i-do.be\/index.php\/service-aux-pros-de-limage\/","url_meta":{"origin":28,"position":4},"title":"Service aux pros de l&rsquo;image","author":"Melanie Splaingaire","date":"31 ao\u00fbt 2017","format":false,"excerpt":"Vous \u00eates imprimeur, agence publicitaire ou autre professionnel du secteur graphique, et cherchez un nouveau partenaire pour effectuer vos travaux de pr\u00e9-press, quelques compositions graphiques ou encore pour un simple renfort en p\u00e9riode charg\u00e9e?","rel":"","context":"Article similaire","block_context":{"text":"Article similaire","link":""},"img":{"alt_text":"","src":"","width":0,"height":0},"classes":[]},{"id":141,"url":"https:\/\/idea-i-do.be\/index.php\/service-aux-particuliers-2\/","url_meta":{"origin":28,"position":5},"title":"Service aux particuliers","author":"Melanie Splaingaire","date":"31 ao\u00fbt 2017","format":false,"excerpt":"Vous vous mariez ou souhaitez faire part de la naissance de votre petit dernier? Vous avez besoin de t-shirts imprim\u00e9s pour un enterrement de vie de jeune fille\/gar\u00e7on? ... Un mug, un sac, des bics, des badges ou tout autre objet personnalis\u00e9?","rel":"","context":"Article similaire","block_context":{"text":"Article similaire","link":""},"img":{"alt_text":"","src":"","width":0,"height":0},"classes":[]}],"jetpack_likes_enabled":true,"_links":{"self":[{"href":"https:\/\/idea-i-do.be\/index.php\/wp-json\/wp\/v2\/pages\/28","targetHints":{"allow":["GET"]}}],"collection":[{"href":"https:\/\/idea-i-do.be\/index.php\/wp-json\/wp\/v2\/pages"}],"about":[{"href":"https:\/\/idea-i-do.be\/index.php\/wp-json\/wp\/v2\/types\/page"}],"author":[{"embeddable":true,"href":"https:\/\/idea-i-do.be\/index.php\/wp-json\/wp\/v2\/users\/1"}],"replies":[{"embeddable":true,"href":"https:\/\/idea-i-do.be\/index.php\/wp-json\/wp\/v2\/comments?post=28"}],"version-history":[{"count":29,"href":"https:\/\/idea-i-do.be\/index.php\/wp-json\/wp\/v2\/pages\/28\/revisions"}],"predecessor-version":[{"id":9110,"href":"https:\/\/idea-i-do.be\/index.php\/wp-json\/wp\/v2\/pages\/28\/revisions\/9110"}],"wp:attachment":[{"href":"https:\/\/idea-i-do.be\/index.php\/wp-json\/wp\/v2\/media?parent=28"}],"curies":[{"name":"wp","href":"https:\/\/api.w.org\/{rel}","templated":true}]}}