{"id":342,"date":"2025-07-30T12:09:07","date_gmt":"2025-07-30T10:09:07","guid":{"rendered":"http:\/\/idea-i-do.be\/?page_id=342"},"modified":"2026-01-21T17:31:09","modified_gmt":"2026-01-21T16:31:09","slug":"contact-iid-2","status":"publish","type":"page","link":"https:\/\/idea-i-do.be\/index.php\/contact-iid-2\/","title":{"rendered":"CONTACT"},"content":{"rendered":"<p><span style=\"color: #007793;\">A la recherche d&rsquo;<strong> infos<\/strong>, \u00a0une<strong> demande de prix<\/strong>, \u00a0un<strong> conseil<\/strong>?<\/span><\/p>\n<p>&nbsp;<\/p>\n<div data-test='contact-form'\n\t\t\tid='contact-form-342'\n\t\t\tclass='wp-block-jetpack-contact-form-container '\n\t\t\tdata-wp-interactive='jetpack\/form' data-wp-context='{\"formId\":\"342\",\"formHash\":\"b1892100f553aed5bc820722fa3fa9e570d84e49\",\"showErrors\":false,\"errors\":[],\"fields\":[],\"isMultiStep\":false,\"useAjax\":true,\"submissionData\":null,\"formattedSubmissionData\":[],\"submissionSuccess\":false,\"submissionError\":null,\"elementId\":\"jp-form-b1892100f553aed5bc820722fa3fa9e570d84e49\",\"isSingleInputForm\":false}'\n\t\t\tdata-wp-watch--scroll-to-wrapper=\"callbacks.scrollToWrapper\"\n\t\t>\n<div class=\"contact-form-submission contact-form-ajax-submission\" data-wp-class--submission-success=\"context.submissionSuccess\"><p class=\"go-back-message\"><a class=\"link\" role=\"button\" tabindex=\"0\" data-wp-on--click=\"actions.goBack\" href=\"\/index.php\/wp-json\/wp\/v2\/pages\/342\">Retour<\/a><\/p><h4 id=\"contact-form-success-header\">Votre message a \u00e9t\u00e9 envoy\u00e9<\/h4>\n\n<template data-wp-each--submission=\"context.formattedSubmissionData\">\n\t\t\t\t\t<div class=\"jetpack_forms_contact-form-success-summary\">\n\t\t\t\t\t\t<div class=\"field-name\" data-wp-text=\"context.submission.label\" data-wp-bind--hidden=\"!context.submission.label\"><\/div>\n\t\t\t\t\t\t<div class=\"field-value\" data-wp-text=\"context.submission.value\"><\/div>\n\t\t\t\t\t\t<div class=\"field-images\" data-wp-bind--hidden=\"!context.submission.images\">\n\t\t\t\t\t\t\t<template data-wp-each--image=\"context.submission.images\">\n\t\t\t\t\t\t\t\t<figure class=\"field-image\" data-wp-class--is-empty=\"!context.image\">\n\t\t\t\t\t\t\t\t\t<img data-wp-bind--src=\"context.image\" data-wp-bind--hidden=\"!context.image\" \/>\n\t\t\t\t\t\t\t\t\t<img decoding=\"async\" src=\"data:image\/gif;base64,R0lGODlhAQABAAD\/ACwAAAAAAQABAAACADs=\" data-wp-bind--hidden=\"context.image\" \/>\n\t\t\t\t\t\t\t\t<\/figure>\n\t\t\t\t\t\t\t<\/template>\n\t\t\t\t\t\t<\/div>\n\t\t\t\t\t<\/div>\n\t\t\t\t<\/template><\/div><form action='https:\/\/idea-i-do.be\/index.php\/contact-iid-2\/'\n\t\t\t\tid='jp-form-b1892100f553aed5bc820722fa3fa9e570d84e49'\n\t\t\t\tmethod='post'\n\t\t\t\tclass='contact-form commentsblock' aria-label=\"CONTACT\"\n\t\t\t\tdata-wp-on--submit=\"actions.onFormSubmit\"\n\t\t\t\tdata-wp-on--reset=\"actions.onFormReset\"\n\t\t\t\tdata-wp-class--submission-success=\"context.submissionSuccess\"\n\t\t\t\tdata-wp-class--is-first-step=\"state.isFirstStep\"\n\t\t\t\tdata-wp-class--is-last-step=\"state.isLastStep\"\n\t\t\t\tdata-wp-class--is-ajax-form=\"context.useAjax\"\n\t\t\t\tnovalidate >\n<input type='hidden' name='jetpack_contact_form_jwt' value='eyJ0eXAiOiJKV1QiLCJhbGciOiJIUzI1NiJ9.eyJlbmNyeXB0ZWRfYXR0cmlidXRlcyI6IjlwVUNBZkVyRHFzR3ZFbC8rRmRwV1NzZ2FmZWg3ZDNLK0RybzREdi9QeW5RaHhYakErTVN5NnBRR3pSWnNwS3QrTzBsTUdlTFdCRkZpL1ZCb2RUSjgyRjlhcVVXKzlxMjVKOUljb09ST203VitzMC9lYk5NVWhKZlRobHRGM3BSdlBocjlSYzRSVGRGVHUybmlxVWZTN0pER2U2SjArbFZYRXFZRVBLak5iZHZlaFJIVml4bGJEODFiT1ZpbzdsMHdNamxPTVJ4NkhBdmtCWUh5cUVSaTFXMEJQQ2lqSTJzaEtqNjF4WnVnSHpGelJpc1dwY1pleEdkQ1V0dkRBbFVmOGdLTjU3c3k4ZEFFc0J1emk5TW5ucnBwMS9EQXlsK3k4b3ozbWc3emhRenRxRzU0UkNMdm93eGR0Rlc0V0RYWnp2cGx3d2lUYVFrOTFibG0vTGFzS0xsTHFrTkR1NHNYQWpUeG05MjlTdHJzY3JUcEFSbmE0dm14bjNkMkhkM3pSbXpobU0xR3NHVCtOQXBEYndHNHR4MXFwRXEwbjRNQURzYlE3dTYrL0hoWGhnUVlJWk0wZVNtbGE0YndFTmdsMTNjajgvUURrMk5meW9TSHM2bGtpWEFqUHZiekwvZnBRVm9CTS9HRUhkN1l1eVpVcmppNXU0TVpBODBZMmNMZXVEN3AzaU9OVVVlZkR0Z1huVVZaTXEyS3JXdmd0Z1RnVG1mdU5zRDA3dGxlb2oyaXZRSlJscFc4cHF0UUt2RUZlOGNRT0V5TW9YUTBqUTlyOWJQWUdkd0YyWlk2eGs4Z1ZPMWRPS3lIRFBHc3BoTnE5YlRoNHVCY2JYcEMxWnRlNXZNTTh2ZDdmYUVNVHUzUmdia2pzTjNoL1F2T0U2eUVyTUZ0ZE9WSW54a0UyU0hzNFA0dWFoVW1DTXJ2NitwTmZwa3Q2VXJURGR3bXRrZXRpRU1KMFhuM0xDQlEwaXMxUE1IM0FSVFNjV0dZOXIzRWcrUHVtcXIvdXA0SXRKNmVySTVTYUFSUmh2bHpBR21WZHVLMTh5K1hhM0h2K0t2SEw0SEdrWDl0ZU9PbmV2UklOSDloVEdobC9WSTBkS3BwRUI1cmF6ejFWbUk1bXdYakY1aHZnRldDcW9uSVMyQTlNRzZhbnZ4NktDbFFkSEsxazNiaVZZPSIsImNvbnRlbnQiOiJbY29udGFjdC1maWVsZCBsYWJlbD1cIlZvdHJlIG5vbVwiIHR5cGU9XCJuYW1lXCIgcmVxdWlyZWQ9XCIxXCJdW2NvbnRhY3QtZmllbGQgbGFiZWw9XCJWb3RyZSBlLW1haWxcIiB0eXBlPVwiZW1haWxcIiByZXF1aXJlZD1cIjFcIl1bY29udGFjdC1maWVsZCBsYWJlbD1cIlZvdHJlIG51bVx1MDBlOXJvIGRlIHRcdTAwZTlsXHUwMGU5cGhvbmVcIiB0eXBlPVwibmFtZVwiXVtjb250YWN0LWZpZWxkIGxhYmVsPVwiVm90cmUgbWVzc2FnZSBvdSBxdWVzdGlvblwiIHR5cGU9XCJ0ZXh0YXJlYVwiXVtjb250YWN0LWZpZWxkIGxhYmVsPVwiVm90cmUgclx1MDBlOWdpb25cIiB0eXBlPVwic2VsZWN0XCIgb3B0aW9ucz1cIlByb3ZpbmNlIGRlIE5hbXVyLFByb3ZpbmNlIGRlIEhhaW5hdXQsUHJvdmluY2UgZGUgTGlcdTAwZThnZSxQcm92aW5jZSBkZSBMdXhlbWJvdXJnLFByb3ZpbmNlIGR1IEJyYWJhbnQgd2FsbG9uLFByb3ZpbmNlIGRlIExpbWJvdXJnLFByb3ZpbmNlIGR1IEJyYWJhbnQgZmxhbWFuZCxQcm92aW5jZSBkJ0FudmVycyxQcm92aW5jZSBkZSBGbGFuZHJlLU9yaWVudGFsZSxQcm92aW5jZSBkZSBGbGFuZHJlLU9jY2lkZW50YWxlLEhvcnMgQmVsZ2lxdWVcIl0iLCJoYXNoIjoiYjE4OTIxMDBmNTUzYWVkNWJjODIwNzIyZmEzZmE5ZTU3MGQ4NGU0OSIsInNvdXJjZSI6eyJlbnRyeV90aXRsZSI6IkNPTlRBQ1QiLCJlbnRyeV9wYWdlIjoxLCJzb3VyY2VfaWQiOjM0Miwic291cmNlX3R5cGUiOiJzaW5nbGUiLCJyZXF1ZXN0X3VybCI6Imh0dHBzOi8vaWRlYS1pLWRvLmJlL3dwLWpzb24vd3AvdjIvcGFnZXMvMzQyIn0sInZlcnNpb24iOjIsImNpcGhlciI6ImFlcy0yNTYtZ2NtIn0.QKNQZDcxQmYukvuLizSvk41RbobGrm6sku9ohyB9I9Q' \/>\n\n<div style=\"\"  data-wp-interactive=\"jetpack\/form\" data-wp-context='{\"fieldId\":\"g342-votrenom\",\"fieldType\":\"name\",\"fieldLabel\":\"Votre nom\",\"fieldValue\":\"\",\"fieldPlaceholder\":\"\",\"fieldIsRequired\":\"1\",\"fieldErrorMessage\":\"\",\"fieldExtra\":[],\"formHash\":\"b1892100f553aed5bc820722fa3fa9e570d84e49\"}'  class='grunion-field-name-wrap grunion-field-wrap'  data-wp-init='callbacks.initializeField' data-wp-on--jetpack-form-reset='callbacks.initializeField' >\n<label\n\t\t\t\tfor='g342-votrenom' class=\"grunion-field-label name\" >Votre nom<span class=\"grunion-label-required\" aria-hidden=\"true\">(obligatoire)<\/span><\/label>\n<input\n\t\t\t\t\ttype='text'\n\t\t\t\t\tname='g342-votrenom'\n\t\t\t\t\tid='g342-votrenom'\n\t\t\t\t\tvalue=''\n\n\t\t\t\t\tdata-wp-bind--aria-invalid='state.fieldHasErrors'\n\t\t\t\t\tdata-wp-bind--value='state.getFieldValue'\n\t\t\t\t\taria-errormessage='g342-votrenom-text-error-message'\n\t\t\t\t\tdata-wp-on--input='actions.onFieldChange'\n\t\t\t\t\tdata-wp-on--blur='actions.onFieldBlur'\n\t\t\t\t\tdata-wp-class--has-value='state.hasFieldValue'\n\n\t\t\t\t\tclass='name  grunion-field' \n\t\t\t\t\trequired='true' aria-required='true'  \/>\n \n\t\t\t<div id=\"g342-votrenom-text-error\" class=\"contact-form__input-error\" data-wp-class--has-errors=\"state.fieldHasErrors\">\n\t\t\t\t<span class=\"contact-form__warning-icon\">\n\t\t\t\t\t<svg width=\"16\" height=\"16\" viewBox=\"0 0 16 16\" fill=\"none\" xmlns=\"http:\/\/www.w3.org\/2000\/svg\">\n\t\t\t\t\t\t<path d=\"M8.50015 11.6402H7.50015V10.6402H8.50015V11.6402Z\" \/>\n\t\t\t\t\t\t<path d=\"M7.50015 9.64018H8.50015V6.30684H7.50015V9.64018Z\" \/>\n\t\t\t\t\t\t<path fill-rule=\"evenodd\" clip-rule=\"evenodd\" d=\"M6.98331 3.0947C7.42933 2.30177 8.57096 2.30177 9.01698 3.09469L13.8771 11.7349C14.3145 12.5126 13.7525 13.4735 12.8602 13.4735H3.14004C2.24774 13.4735 1.68575 12.5126 2.12321 11.7349L6.98331 3.0947ZM8.14541 3.58496C8.08169 3.47168 7.9186 3.47168 7.85488 3.58496L2.99478 12.2251C2.93229 12.3362 3.01257 12.4735 3.14004 12.4735H12.8602C12.9877 12.4735 13.068 12.3362 13.0055 12.2251L8.14541 3.58496Z\" \/>\n\t\t\t\t\t<\/svg>\n\t\t\t\t\t<span class=\"visually-hidden\">Attention<\/span>\n\t\t\t\t<\/span>\n\t\t\t\t<span data-wp-text=\"state.errorMessage\" id=\"g342-votrenom-text-error-message\" role=\"alert\" aria-live=\"assertive\"><\/span>\n\t\t\t<\/div> \n\t<\/div>\n\n<div style=\"\"  data-wp-interactive=\"jetpack\/form\" data-wp-context='{\"fieldId\":\"g342-votreemail\",\"fieldType\":\"email\",\"fieldLabel\":\"Votre e-mail\",\"fieldValue\":\"\",\"fieldPlaceholder\":\"\",\"fieldIsRequired\":\"1\",\"fieldErrorMessage\":\"\",\"fieldExtra\":[],\"formHash\":\"b1892100f553aed5bc820722fa3fa9e570d84e49\"}'  class='grunion-field-email-wrap grunion-field-wrap'  data-wp-init='callbacks.initializeField' data-wp-on--jetpack-form-reset='callbacks.initializeField' >\n<label\n\t\t\t\tfor='g342-votreemail' class=\"grunion-field-label email\" >Votre e-mail<span class=\"grunion-label-required\" aria-hidden=\"true\">(obligatoire)<\/span><\/label>\n<input\n\t\t\t\t\ttype='email'\n\t\t\t\t\tname='g342-votreemail'\n\t\t\t\t\tid='g342-votreemail'\n\t\t\t\t\tvalue=''\n\n\t\t\t\t\tdata-wp-bind--aria-invalid='state.fieldHasErrors'\n\t\t\t\t\tdata-wp-bind--value='state.getFieldValue'\n\t\t\t\t\taria-errormessage='g342-votreemail-email-error-message'\n\t\t\t\t\tdata-wp-on--input='actions.onFieldChange'\n\t\t\t\t\tdata-wp-on--blur='actions.onFieldBlur'\n\t\t\t\t\tdata-wp-class--has-value='state.hasFieldValue'\n\n\t\t\t\t\tclass='email  grunion-field' \n\t\t\t\t\trequired='true' aria-required='true'  \/>\n \n\t\t\t<div id=\"g342-votreemail-email-error\" class=\"contact-form__input-error\" data-wp-class--has-errors=\"state.fieldHasErrors\">\n\t\t\t\t<span class=\"contact-form__warning-icon\">\n\t\t\t\t\t<svg width=\"16\" height=\"16\" viewBox=\"0 0 16 16\" fill=\"none\" xmlns=\"http:\/\/www.w3.org\/2000\/svg\">\n\t\t\t\t\t\t<path d=\"M8.50015 11.6402H7.50015V10.6402H8.50015V11.6402Z\" \/>\n\t\t\t\t\t\t<path d=\"M7.50015 9.64018H8.50015V6.30684H7.50015V9.64018Z\" \/>\n\t\t\t\t\t\t<path fill-rule=\"evenodd\" clip-rule=\"evenodd\" d=\"M6.98331 3.0947C7.42933 2.30177 8.57096 2.30177 9.01698 3.09469L13.8771 11.7349C14.3145 12.5126 13.7525 13.4735 12.8602 13.4735H3.14004C2.24774 13.4735 1.68575 12.5126 2.12321 11.7349L6.98331 3.0947ZM8.14541 3.58496C8.08169 3.47168 7.9186 3.47168 7.85488 3.58496L2.99478 12.2251C2.93229 12.3362 3.01257 12.4735 3.14004 12.4735H12.8602C12.9877 12.4735 13.068 12.3362 13.0055 12.2251L8.14541 3.58496Z\" \/>\n\t\t\t\t\t<\/svg>\n\t\t\t\t\t<span class=\"visually-hidden\">Attention<\/span>\n\t\t\t\t<\/span>\n\t\t\t\t<span data-wp-text=\"state.errorMessage\" id=\"g342-votreemail-email-error-message\" role=\"alert\" aria-live=\"assertive\"><\/span>\n\t\t\t<\/div> \n\t<\/div>\n\n<div style=\"\"  data-wp-interactive=\"jetpack\/form\" data-wp-context='{\"fieldId\":\"g342-votrenumrodetlphone\",\"fieldType\":\"name\",\"fieldLabel\":\"Votre num\\u00e9ro de t\\u00e9l\\u00e9phone\",\"fieldValue\":\"\",\"fieldPlaceholder\":\"\",\"fieldIsRequired\":\"\",\"fieldErrorMessage\":\"\",\"fieldExtra\":[],\"formHash\":\"b1892100f553aed5bc820722fa3fa9e570d84e49\"}'  class='grunion-field-name-wrap grunion-field-wrap'  data-wp-init='callbacks.initializeField' data-wp-on--jetpack-form-reset='callbacks.initializeField' >\n<label\n\t\t\t\tfor='g342-votrenumrodetlphone' class=\"grunion-field-label name\" >Votre num\u00e9ro de t\u00e9l\u00e9phone<\/label>\n<input\n\t\t\t\t\ttype='text'\n\t\t\t\t\tname='g342-votrenumrodetlphone'\n\t\t\t\t\tid='g342-votrenumrodetlphone'\n\t\t\t\t\tvalue=''\n\n\t\t\t\t\tdata-wp-bind--aria-invalid='state.fieldHasErrors'\n\t\t\t\t\tdata-wp-bind--value='state.getFieldValue'\n\t\t\t\t\taria-errormessage='g342-votrenumrodetlphone-text-error-message'\n\t\t\t\t\tdata-wp-on--input='actions.onFieldChange'\n\t\t\t\t\tdata-wp-on--blur='actions.onFieldBlur'\n\t\t\t\t\tdata-wp-class--has-value='state.hasFieldValue'\n\n\t\t\t\t\tclass='name  grunion-field' \n\t\t\t\t\t \/>\n \n\t\t\t<div id=\"g342-votrenumrodetlphone-text-error\" class=\"contact-form__input-error\" data-wp-class--has-errors=\"state.fieldHasErrors\">\n\t\t\t\t<span class=\"contact-form__warning-icon\">\n\t\t\t\t\t<svg width=\"16\" height=\"16\" viewBox=\"0 0 16 16\" fill=\"none\" xmlns=\"http:\/\/www.w3.org\/2000\/svg\">\n\t\t\t\t\t\t<path d=\"M8.50015 11.6402H7.50015V10.6402H8.50015V11.6402Z\" \/>\n\t\t\t\t\t\t<path d=\"M7.50015 9.64018H8.50015V6.30684H7.50015V9.64018Z\" \/>\n\t\t\t\t\t\t<path fill-rule=\"evenodd\" clip-rule=\"evenodd\" d=\"M6.98331 3.0947C7.42933 2.30177 8.57096 2.30177 9.01698 3.09469L13.8771 11.7349C14.3145 12.5126 13.7525 13.4735 12.8602 13.4735H3.14004C2.24774 13.4735 1.68575 12.5126 2.12321 11.7349L6.98331 3.0947ZM8.14541 3.58496C8.08169 3.47168 7.9186 3.47168 7.85488 3.58496L2.99478 12.2251C2.93229 12.3362 3.01257 12.4735 3.14004 12.4735H12.8602C12.9877 12.4735 13.068 12.3362 13.0055 12.2251L8.14541 3.58496Z\" \/>\n\t\t\t\t\t<\/svg>\n\t\t\t\t\t<span class=\"visually-hidden\">Attention<\/span>\n\t\t\t\t<\/span>\n\t\t\t\t<span data-wp-text=\"state.errorMessage\" id=\"g342-votrenumrodetlphone-text-error-message\" role=\"alert\" aria-live=\"assertive\"><\/span>\n\t\t\t<\/div> \n\t<\/div>\n\n<div style=\"\"  data-wp-interactive=\"jetpack\/form\" data-wp-context='{\"fieldId\":\"g342-votremessageouquestion\",\"fieldType\":\"textarea\",\"fieldLabel\":\"Votre message ou question\",\"fieldValue\":\"\",\"fieldPlaceholder\":\"\",\"fieldIsRequired\":\"\",\"fieldErrorMessage\":\"\",\"fieldExtra\":[],\"formHash\":\"b1892100f553aed5bc820722fa3fa9e570d84e49\"}'  class='grunion-field-textarea-wrap grunion-field-wrap'  data-wp-init='callbacks.initializeField' data-wp-on--jetpack-form-reset='callbacks.initializeField' >\n<label\n\t\t\t\tfor='contact-form-comment-g342-votremessageouquestion' class=\"grunion-field-label textarea\" >Votre message ou question<\/label>\n<textarea\n\t\t                style=''\n\t\t                name='g342-votremessageouquestion'\n\t\t                id='contact-form-comment-g342-votremessageouquestion'\n\t\t                rows='20'\n\t\t\t\t\t\tdata-wp-text='state.getFieldValue'\n\t\t\t\t\t\tdata-wp-on--input='actions.onFieldChange'\n\t\t\t\t\t\tdata-wp-on--blur='actions.onFieldBlur'\n\t\t\t\t\t\tdata-wp-class--has-value='state.hasFieldValue'\n\t\t\t\t\t\tdata-wp-bind--aria-invalid='state.fieldHasErrors'\n\t\t\t\t\t\taria-errormessage='g342-votremessageouquestion-textarea-error-message'\n\t\t\t\t\t\tclass='textarea  grunion-field'  ><\/textarea>\n \n\t\t\t<div id=\"g342-votremessageouquestion-textarea-error\" class=\"contact-form__input-error\" data-wp-class--has-errors=\"state.fieldHasErrors\">\n\t\t\t\t<span class=\"contact-form__warning-icon\">\n\t\t\t\t\t<svg width=\"16\" height=\"16\" viewBox=\"0 0 16 16\" fill=\"none\" xmlns=\"http:\/\/www.w3.org\/2000\/svg\">\n\t\t\t\t\t\t<path d=\"M8.50015 11.6402H7.50015V10.6402H8.50015V11.6402Z\" \/>\n\t\t\t\t\t\t<path d=\"M7.50015 9.64018H8.50015V6.30684H7.50015V9.64018Z\" \/>\n\t\t\t\t\t\t<path fill-rule=\"evenodd\" clip-rule=\"evenodd\" d=\"M6.98331 3.0947C7.42933 2.30177 8.57096 2.30177 9.01698 3.09469L13.8771 11.7349C14.3145 12.5126 13.7525 13.4735 12.8602 13.4735H3.14004C2.24774 13.4735 1.68575 12.5126 2.12321 11.7349L6.98331 3.0947ZM8.14541 3.58496C8.08169 3.47168 7.9186 3.47168 7.85488 3.58496L2.99478 12.2251C2.93229 12.3362 3.01257 12.4735 3.14004 12.4735H12.8602C12.9877 12.4735 13.068 12.3362 13.0055 12.2251L8.14541 3.58496Z\" \/>\n\t\t\t\t\t<\/svg>\n\t\t\t\t\t<span class=\"visually-hidden\">Attention<\/span>\n\t\t\t\t<\/span>\n\t\t\t\t<span data-wp-text=\"state.errorMessage\" id=\"g342-votremessageouquestion-textarea-error-message\" role=\"alert\" aria-live=\"assertive\"><\/span>\n\t\t\t<\/div>\n\t<\/div>\n\n<div style=\"\"  data-wp-interactive=\"jetpack\/form\" data-wp-context='{\"fieldId\":\"g342-votrergion\",\"fieldType\":\"select\",\"fieldLabel\":\"Votre r\\u00e9gion\",\"fieldValue\":\"\",\"fieldPlaceholder\":\"\",\"fieldIsRequired\":\"\",\"fieldErrorMessage\":\"\",\"fieldExtra\":[],\"formHash\":\"b1892100f553aed5bc820722fa3fa9e570d84e49\"}'  class='grunion-field-select-wrap grunion-field-wrap'  data-wp-init='callbacks.initializeField' data-wp-on--jetpack-form-reset='callbacks.initializeField' >\n<label\n\t\t\t\tfor='g342-votrergion' class=\"grunion-field-label select\" >Votre r\u00e9gion<\/label>\n<div class=\"contact-form__select-wrapper select  grunion-field\"  style=''>\t<span class='contact-form__select-element-wrapper'><select name='g342-votrergion' id='g342-votrergion'  data-wp-on--change='actions.onFieldChange' data-wp-bind--aria-invalid='state.fieldHasErrors' >\n\t\t<option value='Province de Namur'>Province de Namur<\/option>\n\t\t<option value='Province de Hainaut'>Province de Hainaut<\/option>\n\t\t<option value='Province de Li\u00e8ge'>Province de Li\u00e8ge<\/option>\n\t\t<option value='Province de Luxembourg'>Province de Luxembourg<\/option>\n\t\t<option value='Province du Brabant wallon'>Province du Brabant wallon<\/option>\n\t\t<option value='Province de Limbourg'>Province de Limbourg<\/option>\n\t\t<option value='Province du Brabant flamand'>Province du Brabant flamand<\/option>\n\t\t<option value='Province d&#039;Anvers'>Province d&#039;Anvers<\/option>\n\t\t<option value='Province de Flandre-Orientale'>Province de Flandre-Orientale<\/option>\n\t\t<option value='Province de Flandre-Occidentale'>Province de Flandre-Occidentale<\/option>\n\t\t<option value='Hors Belgique'>Hors Belgique<\/option>\n\t<\/select><span class='jetpack-field-dropdown__icon'><\/span><\/span>\n<\/div>\n\n\t\t\t<div id=\"g342-votrergion-select-error\" class=\"contact-form__input-error\" data-wp-class--has-errors=\"state.fieldHasErrors\">\n\t\t\t\t<span class=\"contact-form__warning-icon\">\n\t\t\t\t\t<svg width=\"16\" height=\"16\" viewBox=\"0 0 16 16\" fill=\"none\" xmlns=\"http:\/\/www.w3.org\/2000\/svg\">\n\t\t\t\t\t\t<path d=\"M8.50015 11.6402H7.50015V10.6402H8.50015V11.6402Z\" \/>\n\t\t\t\t\t\t<path d=\"M7.50015 9.64018H8.50015V6.30684H7.50015V9.64018Z\" \/>\n\t\t\t\t\t\t<path fill-rule=\"evenodd\" clip-rule=\"evenodd\" d=\"M6.98331 3.0947C7.42933 2.30177 8.57096 2.30177 9.01698 3.09469L13.8771 11.7349C14.3145 12.5126 13.7525 13.4735 12.8602 13.4735H3.14004C2.24774 13.4735 1.68575 12.5126 2.12321 11.7349L6.98331 3.0947ZM8.14541 3.58496C8.08169 3.47168 7.9186 3.47168 7.85488 3.58496L2.99478 12.2251C2.93229 12.3362 3.01257 12.4735 3.14004 12.4735H12.8602C12.9877 12.4735 13.068 12.3362 13.0055 12.2251L8.14541 3.58496Z\" \/>\n\t\t\t\t\t<\/svg>\n\t\t\t\t\t<span class=\"visually-hidden\">Attention<\/span>\n\t\t\t\t<\/span>\n\t\t\t\t<span data-wp-text=\"state.errorMessage\" id=\"g342-votrergion-select-error-message\" role=\"alert\" aria-live=\"assertive\"><\/span>\n\t\t\t<\/div>\t<\/div>\n\t<p class='contact-submit'>\n<div class=\"contact-form__error\" data-wp-class--show-errors=\"state.showFormErrors\"><span class=\"contact-form__warning-icon\"><span class=\"visually-hidden\">Attention.<\/span><i aria-hidden=\"true\"><\/i><\/span>\n\t\t\t\t<span data-wp-text=\"state.getFormErrorMessage\"><\/span>\n\t\t\t\t<ul>\n\t\t\t\t<template data-wp-each=\"state.getErrorList\" data-wp-key=\"context.item.id\">\n\t\t\t\t\t<li><a data-wp-bind--href=\"context.item.anchor\" data-wp-on--click=\"actions.scrollIntoView\" data-wp-text=\"context.item.label\"><\/a><\/li>\n\t\t\t\t<\/template>\n\t\t\t\t<\/ul><\/div><div class=\"contact-form__error\" data-wp-class--show-errors=\"state.showSubmissionError\" data-wp-text=\"context.submissionError\"><\/div>\t\t<button type='submit' class='pushbutton-wide'>Envoyer<\/button>\t\t<input type='hidden' name='contact-form-id' value='342' \/>\n\t\t<input type='hidden' name='action' value='grunion-contact-form' \/>\n\t\t<input type='hidden' name='contact-form-hash' value='b1892100f553aed5bc820722fa3fa9e570d84e49' \/>\n\t<\/p>\n<\/form>\n<\/div>\n","protected":false},"excerpt":{"rendered":"<p>A la recherche d&rsquo; infos, \u00a0une demande de prix, \u00a0un conseil? &nbsp;<\/p>\n","protected":false},"author":1,"featured_media":0,"parent":0,"menu_order":0,"comment_status":"closed","ping_status":"closed","template":"","meta":{"_monsterinsights_skip_tracking":false,"_monsterinsights_sitenote_active":false,"_monsterinsights_sitenote_note":"","_monsterinsights_sitenote_category":0,"footnotes":""},"class_list":["post-342","page","type-page","status-publish","hentry"],"jetpack_sharing_enabled":true,"jetpack_shortlink":"https:\/\/wp.me\/P9OY7q-5w","jetpack-related-posts":[{"id":9056,"url":"https:\/\/idea-i-do.be\/index.php\/a-propos\/","url_meta":{"origin":342,"position":0},"title":"","author":"Melanie Splaingaire","date":"21 janvier 2026","format":false,"excerpt":"Idea I do apporte un regard et veille \u00e0 une coh\u00e9rence et une exigence dans la conception et la production de vos supports visuels. IDEA:c\u2019est \u00a0l\u2019aspect cr\u00e9atif, strat\u00e9gique, l\u2019apport d\u2019une id\u00e9e, d\u2019un concept \u00e0 traduire en image(s) ou bien l\u2019adaptation graphique qui r\u00e9pond au mieux \u00e0 votre envie de d\u00e9part.\u2026","rel":"","context":"Article similaire","block_context":{"text":"Article similaire","link":""},"img":{"alt_text":"","src":"https:\/\/i0.wp.com\/idea-i-do.be\/wp-content\/uploads\/2018\/04\/majordome.jpg?fit=1200%2C789&ssl=1&resize=350%2C200","width":350,"height":200,"srcset":"https:\/\/i0.wp.com\/idea-i-do.be\/wp-content\/uploads\/2018\/04\/majordome.jpg?fit=1200%2C789&ssl=1&resize=350%2C200 1x, https:\/\/i0.wp.com\/idea-i-do.be\/wp-content\/uploads\/2018\/04\/majordome.jpg?fit=1200%2C789&ssl=1&resize=525%2C300 1.5x, https:\/\/i0.wp.com\/idea-i-do.be\/wp-content\/uploads\/2018\/04\/majordome.jpg?fit=1200%2C789&ssl=1&resize=700%2C400 2x, https:\/\/i0.wp.com\/idea-i-do.be\/wp-content\/uploads\/2018\/04\/majordome.jpg?fit=1200%2C789&ssl=1&resize=1050%2C600 3x"},"classes":[]},{"id":9064,"url":"https:\/\/idea-i-do.be\/index.php\/services\/","url_meta":{"origin":342,"position":1},"title":"","author":"Melanie Splaingaire","date":"21 janvier 2026","format":false,"excerpt":"De grandes id\u00e9es parfaitement r\u00e9alis\u00e9es! Lancer ou d\u00e9velopper son entreprise, c\u2019est se confronter \u00e0 un monde visuel complexe. Chez IID, nous accompagnons entrepreneur\u00b7e\u00b7s et PME \u00e0 chaque \u00e9tape\u202f: de la d\u00e9finition de votre identit\u00e9 et du choix de votre nom \u00e0 la conception et production de vos supports. Vous pouvez\u2026","rel":"","context":"Article similaire","block_context":{"text":"Article similaire","link":""},"img":{"alt_text":"","src":"","width":0,"height":0},"classes":[]},{"id":149,"url":"https:\/\/idea-i-do.be\/index.php\/service-aux-independants\/","url_meta":{"origin":342,"position":2},"title":"Service aux entrepreneurs","author":"Melanie Splaingaire","date":"31 ao\u00fbt 2017","format":false,"excerpt":"Vous vous installez et avez besoin d\u2019un logo pro et efficace? Vous souhaitez relooker votre image? Vous \u00eates bient\u00f4t \u00e0 court de cartes de visite? Vous aimeriez un panneau ou tout autre support mettant davantage en avant votre activit\u00e9? Un flyer pour annoncer votre prochain \u00e9v\u00e8nement ou plut\u00f4t une invitation\u2026","rel":"","context":"Article similaire","block_context":{"text":"Article similaire","link":""},"img":{"alt_text":"","src":"","width":0,"height":0},"classes":[]},{"id":141,"url":"https:\/\/idea-i-do.be\/index.php\/service-aux-particuliers-2\/","url_meta":{"origin":342,"position":3},"title":"Service aux particuliers","author":"Melanie Splaingaire","date":"31 ao\u00fbt 2017","format":false,"excerpt":"Vous vous mariez ou souhaitez faire part de la naissance de votre petit dernier? Vous avez besoin de t-shirts imprim\u00e9s pour un enterrement de vie de jeune fille\/gar\u00e7on? ... Un mug, un sac, des bics, des badges ou tout autre objet personnalis\u00e9?","rel":"","context":"Article similaire","block_context":{"text":"Article similaire","link":""},"img":{"alt_text":"","src":"","width":0,"height":0},"classes":[]},{"id":151,"url":"https:\/\/idea-i-do.be\/index.php\/service-aux-pros-de-limage\/","url_meta":{"origin":342,"position":4},"title":"Service aux pros de l&rsquo;image","author":"Melanie Splaingaire","date":"31 ao\u00fbt 2017","format":false,"excerpt":"Vous \u00eates imprimeur, agence publicitaire ou autre professionnel du secteur graphique, et cherchez un nouveau partenaire pour effectuer vos travaux de pr\u00e9-press, quelques compositions graphiques ou encore pour un simple renfort en p\u00e9riode charg\u00e9e?","rel":"","context":"Article similaire","block_context":{"text":"Article similaire","link":""},"img":{"alt_text":"","src":"","width":0,"height":0},"classes":[]},{"id":190,"url":"https:\/\/idea-i-do.be\/index.php\/www-idea-i-do-be\/","url_meta":{"origin":342,"position":5},"title":"","author":"Melanie Splaingaire","date":"4 septembre 2017","format":false,"excerpt":"","rel":"","context":"Article similaire","block_context":{"text":"Article similaire","link":""},"img":{"alt_text":"","src":"https:\/\/i0.wp.com\/idea-i-do.be\/wp-content\/uploads\/2019\/09\/artemia_fluo.jpg?fit=1200%2C1200&ssl=1&resize=350%2C200","width":350,"height":200,"srcset":"https:\/\/i0.wp.com\/idea-i-do.be\/wp-content\/uploads\/2019\/09\/artemia_fluo.jpg?fit=1200%2C1200&ssl=1&resize=350%2C200 1x, https:\/\/i0.wp.com\/idea-i-do.be\/wp-content\/uploads\/2019\/09\/artemia_fluo.jpg?fit=1200%2C1200&ssl=1&resize=525%2C300 1.5x, https:\/\/i0.wp.com\/idea-i-do.be\/wp-content\/uploads\/2019\/09\/artemia_fluo.jpg?fit=1200%2C1200&ssl=1&resize=700%2C400 2x, https:\/\/i0.wp.com\/idea-i-do.be\/wp-content\/uploads\/2019\/09\/artemia_fluo.jpg?fit=1200%2C1200&ssl=1&resize=1050%2C600 3x"},"classes":[]}],"jetpack_likes_enabled":true,"_links":{"self":[{"href":"https:\/\/idea-i-do.be\/index.php\/wp-json\/wp\/v2\/pages\/342","targetHints":{"allow":["GET"]}}],"collection":[{"href":"https:\/\/idea-i-do.be\/index.php\/wp-json\/wp\/v2\/pages"}],"about":[{"href":"https:\/\/idea-i-do.be\/index.php\/wp-json\/wp\/v2\/types\/page"}],"author":[{"embeddable":true,"href":"https:\/\/idea-i-do.be\/index.php\/wp-json\/wp\/v2\/users\/1"}],"replies":[{"embeddable":true,"href":"https:\/\/idea-i-do.be\/index.php\/wp-json\/wp\/v2\/comments?post=342"}],"version-history":[{"count":5,"href":"https:\/\/idea-i-do.be\/index.php\/wp-json\/wp\/v2\/pages\/342\/revisions"}],"predecessor-version":[{"id":9108,"href":"https:\/\/idea-i-do.be\/index.php\/wp-json\/wp\/v2\/pages\/342\/revisions\/9108"}],"wp:attachment":[{"href":"https:\/\/idea-i-do.be\/index.php\/wp-json\/wp\/v2\/media?parent=342"}],"curies":[{"name":"wp","href":"https:\/\/api.w.org\/{rel}","templated":true}]}}